{"id":649,"date":"2018-05-15T20:18:30","date_gmt":"2018-05-15T19:18:30","guid":{"rendered":"https:\/\/tolomendi.eus\/zerbitzuak\/"},"modified":"2024-05-16T20:36:39","modified_gmt":"2024-05-16T18:36:39","slug":"servicios","status":"publish","type":"page","link":"https:\/\/tolomendi.eus\/es\/servicios\/","title":{"rendered":"Servicios"},"content":{"rendered":"<p>[vc_row css_animation=\u00bb\u00bb row_type=\u00bbrow\u00bb use_row_as_full_screen_section=\u00bbno\u00bb type=\u00bbgrid\u00bb angled_section=\u00bbno\u00bb text_align=\u00bbleft\u00bb background_image_as_pattern=\u00bbwithout_pattern\u00bb css=\u00bb.vc_custom_1525798224094{padding-top: 5% !important;padding-bottom: 30px !important;}\u00bb z_index=\u00bb\u00bb][vc_column width=\u00bb2\/3&#8243;][vc_column_text css=\u00bb.vc_custom_1532179938560{margin-bottom: 30px !important;}\u00bb]<\/p>\n<h1 style=\"font-size: 3.5em;\">SERVICIOS<\/h1>\n<p>[\/vc_column_text][vc_zigzag color=\u00bbblack\u00bb align=\u00bbleft\u00bb el_width=\u00bb20&#8243;][\/vc_column][vc_column width=\u00bb1\/3&#8243;][\/vc_column][\/vc_row][vc_row css_animation=\u00bb\u00bb row_type=\u00bbrow\u00bb use_row_as_full_screen_section=\u00bbno\u00bb type=\u00bbfull_width\u00bb angled_section=\u00bbno\u00bb text_align=\u00bbleft\u00bb background_image_as_pattern=\u00bbwithout_pattern\u00bb css=\u00bb.vc_custom_1526464211225{margin-top: 15px !important;}\u00bb z_index=\u00bb\u00bb][vc_column width=\u00bb1\/2&#8243;][vc_single_image image=\u00bb631&#8243; img_size=\u00bblarge\u00bb onclick=\u00bblink_image\u00bb qode_css_animation=\u00bb\u00bb qode_hover_animation=\u00bbzoom_in\u00bb css=\u00bb.vc_custom_1530696861799{margin-bottom: 35px !important;}\u00bb][\/vc_column][vc_column width=\u00bb1\/2&#8243;][vc_row_inner row_type=\u00bbrow\u00bb type=\u00bbfull_width\u00bb text_align=\u00bbleft\u00bb css_animation=\u00bb\u00bb][vc_column_inner width=\u00bb1\/4&#8243;]<span data-type=\"normal\"  class=\"qode_icon_shortcode  q_font_awsome_icon fa-4x  q_icon_animation\" style=\" \"><i class=\"qodef-icon-dripicons dripicon dripicons-gear qode_icon_element\" style=\"color: #62a241;\" ><\/i><\/span>[vc_column_text css=\u00bb.vc_custom_1532179883539{margin-top: 10px !important;}\u00bb]<\/p>\n<h3><span style=\"font-size: 50px; color: #62a241;\">01.<\/span><\/h3>\n<p>[\/vc_column_text][\/vc_column_inner][vc_column_inner width=\u00bb3\/4&#8243;][vc_column_text css=\u00bb.vc_custom_1655412423555{margin-bottom: 15px !important;}\u00bb]<\/p>\n<h3>ASESORAMIENTO T\u00c9CNICO Y DINAMIZACI\u00d3N DE PROYECTOS<\/h3>\n<p>[\/vc_column_text][vc_column_text css=\u00bb.vc_custom_1532179503268{margin-bottom: 15px !important;}\u00bb]Servicio de asesoramiento a ayuntamientos y asociaciones de baserritarras especialmente, como a personas, en torno a las necesidades, inquietudes, preocupaciones y propuestas del sector rural y llevar a cabo mediante acciones concretas.[\/vc_column_text][vc_column_text css=\u00bb.vc_custom_1532180123896{margin-bottom: 15px !important;}\u00bb]Adem\u00e1s, apoya la dinamizaci\u00f3n de proyectos para mejorar y optimizar recursos y servicios actuales y dar respuesta a las necesidades de los ayuntamientos y asociaciones de baserritarras.[\/vc_column_text][\/vc_column_inner][\/vc_row_inner][\/vc_column][\/vc_row][vc_row css_animation=\u00bb\u00bb row_type=\u00bbrow\u00bb use_row_as_full_screen_section=\u00bbno\u00bb type=\u00bbfull_width\u00bb angled_section=\u00bbno\u00bb text_align=\u00bbleft\u00bb background_image_as_pattern=\u00bbwithout_pattern\u00bb css=\u00bb.vc_custom_1526464318561{margin-top: 60px !important;margin-bottom: 60px !important;}\u00bb z_index=\u00bb\u00bb][vc_column width=\u00bb1\/2&#8243;][vc_single_image image=\u00bb630&#8243; img_size=\u00bblarge\u00bb onclick=\u00bblink_image\u00bb qode_css_animation=\u00bb\u00bb qode_hover_animation=\u00bbzoom_in\u00bb css=\u00bb.vc_custom_1530696504639{margin-bottom: 35px !important;}\u00bb][vc_row_inner row_type=\u00bbrow\u00bb type=\u00bbfull_width\u00bb text_align=\u00bbleft\u00bb css_animation=\u00bb\u00bb css=\u00bb.vc_custom_1532441482864{margin-bottom: 60px !important;}\u00bb][vc_column_inner width=\u00bb1\/4&#8243;]<span data-type=\"normal\"  class=\"qode_icon_shortcode  q_font_awsome_icon fa-4x  q_icon_animation\" style=\" \"><i class=\"qodef-icon-dripicons dripicon dripicons-graph-line qode_icon_element\" style=\"color: #62a241;\" ><\/i><\/span>[vc_column_text css=\u00bb.vc_custom_1532179537712{margin-top: 10px !important;}\u00bb]<\/p>\n<h3><span style=\"font-size: 50px; color: #62a241;\">02.<\/span><\/h3>\n<p>[\/vc_column_text][\/vc_column_inner][vc_column_inner width=\u00bb3\/4&#8243;][vc_column_text css=\u00bb.vc_custom_1530361145201{margin-bottom: 15px !important;}\u00bb]<\/p>\n<h3>GESTI\u00d3N DE SUBVENCIONES<\/h3>\n<p>[\/vc_column_text][vc_column_text]Acompa\u00f1a en la gesti\u00f3n de subvenciones que desde distintas administraciones promueven para el desarrollo de proyectos rurales. Te acompa\u00f1a en la gesti\u00f3n: documentaci\u00f3n a presentar, aclaraciones t\u00e9cnicas y caracter\u00edsticas de los programas\u2026 y entre ellos, en especial destacan los fondos LEADER, EREIN y LANDAOLA[\/vc_column_text][\/vc_column_inner][\/vc_row_inner][\/vc_column][vc_column width=\u00bb1\/2&#8243;][vc_single_image image=\u00bb625&#8243; img_size=\u00bblarge\u00bb onclick=\u00bblink_image\u00bb qode_css_animation=\u00bb\u00bb qode_hover_animation=\u00bbzoom_in\u00bb css=\u00bb.vc_custom_1530696328373{margin-bottom: 35px !important;}\u00bb][vc_row_inner row_type=\u00bbrow\u00bb type=\u00bbfull_width\u00bb text_align=\u00bbleft\u00bb css_animation=\u00bb\u00bb][vc_column_inner width=\u00bb1\/4&#8243;]<span data-type=\"normal\"  class=\"qode_icon_shortcode  q_font_awsome_icon fa-4x  q_icon_animation\" style=\" \"><i class=\"qodef-icon-dripicons dripicon dripicons-trash qode_icon_element\" style=\"color: #62a241;\" ><\/i><\/span>[vc_column_text css=\u00bb.vc_custom_1532179542143{margin-top: 10px !important;}\u00bb]<\/p>\n<h3><span style=\"font-size: 50px; color: #62a241;\">03.<\/span><\/h3>\n<p>[\/vc_column_text][\/vc_column_inner][vc_column_inner width=\u00bb3\/4&#8243;][vc_column_text css=\u00bb.vc_custom_1530361555580{margin-bottom: 15px !important;}\u00bb]<\/p>\n<h3>RECOGIDA Y GESTI\u00d3N DE PL\u00c1STICO<\/h3>\n<p>[\/vc_column_text][vc_column_text]Recoge y gestiona pl\u00e1stico de gran volumen que se generan en los caser\u00edos, invernaderos o huertas, y lo llevan a una empresa autorizada en reciclaje. De esta forma, evitan generar basura en el entorno y conservar limpio el primer sector. Interesados que contacten con nostros por telefono.[\/vc_column_text][\/vc_column_inner][\/vc_row_inner][\/vc_column][\/vc_row][vc_row css_animation=\u00bb\u00bb row_type=\u00bbrow\u00bb use_row_as_full_screen_section=\u00bbno\u00bb type=\u00bbgrid\u00bb angled_section=\u00bbno\u00bb text_align=\u00bbleft\u00bb background_image_as_pattern=\u00bbwithout_pattern\u00bb z_index=\u00bb\u00bb][vc_column width=\u00bb1\/2&#8243;][vc_single_image image=\u00bb632&#8243; img_size=\u00bblarge\u00bb onclick=\u00bblink_image\u00bb qode_css_animation=\u00bb\u00bb qode_hover_animation=\u00bbzoom_in\u00bb css=\u00bb.vc_custom_1530696958786{margin-bottom: 35px !important;}\u00bb][vc_row_inner row_type=\u00bbrow\u00bb type=\u00bbfull_width\u00bb text_align=\u00bbleft\u00bb css_animation=\u00bb\u00bb css=\u00bb.vc_custom_1532442176578{margin-bottom: 60px !important;}\u00bb][vc_column_inner width=\u00bb1\/4&#8243;]<span data-type=\"normal\"  class=\"qode_icon_shortcode  q_font_awsome_icon fa-4x  q_icon_animation\" style=\" \"><i class=\"qodef-icon-dripicons dripicon dripicons-device-desktop qode_icon_element\" style=\"color: #62a241;\" ><\/i><\/span>[vc_column_text css=\u00bb.vc_custom_1532179548125{margin-top: 10px !important;}\u00bb]<\/p>\n<h3><span style=\"font-size: 50px; color: #62a241;\">04.<\/span><\/h3>\n<p>[\/vc_column_text][\/vc_column_inner][vc_column_inner width=\u00bb3\/4&#8243;][vc_column_text css=\u00bb.vc_custom_1530361214737{margin-bottom: 15px !important;}\u00bb]<\/p>\n<h3>SERVICIO TIC A AYUNTAMIENTOS Y ASOCIACIONES<\/h3>\n<p>[\/vc_column_text][vc_column_text]Servicio de nuevas tecnolog\u00edas y comunicaci\u00f3n a ayuntamientos y asociaciones para apoyarles a resolver problemas cotidianos y mejorar el servicio a la ciudadan\u00eda y ganar en efectividad a trav\u00e9s de las TIC. Un servicio totalmente personalizado, que se adapta a las necesidades de cada caso.[\/vc_column_text][\/vc_column_inner][\/vc_row_inner][vc_row_inner row_type=\u00bbrow\u00bb type=\u00bbfull_width\u00bb text_align=\u00bbleft\u00bb css_animation=\u00bb\u00bb][vc_column_inner width=\u00bb1\/4&#8243;]<span data-type=\"normal\"  class=\"qode_icon_shortcode  q_font_awsome_icon fa-4x  q_icon_animation\" style=\" \"><i class=\"qodef-icon-dripicons dripicon dripicons-gear qode_icon_element\" style=\"color: #62a241;\" ><\/i><\/span>[vc_column_text css=\u00bb.vc_custom_1613133993126{margin-top: 10px !important;}\u00bb]<\/p>\n<h3><span style=\"font-size: 50px; color: #62a241;\">06.<\/span><\/h3>\n<p>[\/vc_column_text][\/vc_column_inner][vc_column_inner width=\u00bb3\/4&#8243;][vc_column_text css=\u00bb.vc_custom_1613134391809{margin-bottom: 15px !important;}\u00bb]<\/p>\n<h3><strong>DINAMIZACI\u00d3N Y GESTI\u00d3N EN LOS PROCESOS PARTICIPATIVOS<\/strong><\/h3>\n<p>[\/vc_column_text][vc_column_text css=\u00bb.vc_custom_1613134414892{margin-bottom: 15px !important;}\u00bb]Dinamizaci\u00f3n y gesti\u00f3n de los procesos participativos sobre desarrollo rural y el primer sector.[\/vc_column_text][\/vc_column_inner][\/vc_row_inner][\/vc_column][vc_column width=\u00bb1\/2&#8243;][vc_single_image image=\u00bb609&#8243; img_size=\u00bblarge\u00bb onclick=\u00bblink_image\u00bb qode_css_animation=\u00bb\u00bb qode_hover_animation=\u00bbzoom_in\u00bb css=\u00bb.vc_custom_1530696971406{margin-bottom: 35px !important;}\u00bb][vc_row_inner row_type=\u00bbrow\u00bb type=\u00bbfull_width\u00bb text_align=\u00bbleft\u00bb css_animation=\u00bb\u00bb css=\u00bb.vc_custom_1532442639368{margin-bottom: 60px !important;}\u00bb][vc_column_inner width=\u00bb1\/4&#8243;]<span data-type=\"normal\"  class=\"qode_icon_shortcode  q_font_awsome_icon fa-4x  q_icon_animation\" style=\" \"><i class=\"qodef-icon-dripicons dripicon dripicons-store qode_icon_element\" style=\"color: #62a241;\" ><\/i><\/span>[vc_column_text css=\u00bb.vc_custom_1532179552527{margin-top: 10px !important;}\u00bb]<\/p>\n<h3><span style=\"font-size: 50px; color: #62a241;\">05.<\/span><\/h3>\n<p>[\/vc_column_text][\/vc_column_inner][vc_column_inner width=\u00bb3\/4&#8243;][vc_column_text css=\u00bb.vc_custom_1530361246237{margin-bottom: 15px !important;}\u00bb]<\/p>\n<h3>CARPAS PARA MERCADOS<\/h3>\n<p>[\/vc_column_text][vc_column_text]Gestiona carpas para festivales, ferias y mercados. Las carpan tienen una medida de 4,5m x 3m. Puedes solicitar este servicio a trav\u00e9s del correo electr\u00f3nico.[\/vc_column_text][\/vc_column_inner][\/vc_row_inner][vc_single_image image=\u00bb2109&#8243; img_size=\u00bblarge\u00bb onclick=\u00bblink_image\u00bb qode_css_animation=\u00bb\u00bb qode_hover_animation=\u00bbzoom_in\u00bb css=\u00bb.vc_custom_1613135423039{margin-bottom: 35px !important;}\u00bb][\/vc_column][\/vc_row][vc_row css_animation=\u00bb\u00bb row_type=\u00bbrow\u00bb use_row_as_full_screen_section=\u00bbno\u00bb type=\u00bbfull_width\u00bb angled_section=\u00bbno\u00bb text_align=\u00bbleft\u00bb background_image_as_pattern=\u00bbwithout_pattern\u00bb css=\u00bb.vc_custom_1532442737597{margin-bottom: 60px !important;padding-top: 7% !important;padding-right: 3% !important;padding-bottom: 7% !important;padding-left: 3% !important;background: #0280db url(https:\/\/tolomendi.eus\/wp-content\/uploads\/2018\/07\/tolomendi-fondo-teamviewer-3.png?id=789) !important;}\u00bb z_index=\u00bb\u00bb][vc_column][vc_row_inner row_type=\u00bbrow\u00bb type=\u00bbfull_width\u00bb text_align=\u00bbcenter\u00bb css_animation=\u00bb\u00bb][vc_column_inner width=\u00bb1\/6&#8243;][\/vc_column_inner][vc_column_inner width=\u00bb2\/3&#8243;][vc_column_text css=\u00bb.vc_custom_1532442976428{margin-bottom: 30px !important;}\u00bb]<\/p>\n<h1 style=\"text-align: center; color: #fff;\">TOLOMENDI<br \/>\nSERVICIO TIC COMPARTIDO<\/h1>\n<p>[\/vc_column_text]<a  itemprop=\"url\" href=\"https:\/\/get.teamviewer.com\/tolomendi\" target=\"_blank\" data-hover-background-color=#d2742d data-hover-border-color=#d2742d  class=\"qbutton  big_large_full_width center white default\" style=\"text-transform: uppercase; \">AYUDA TIC<i class=\"qodef-icon-dripicons dripicon dripicons-download qode_button_icon_element\" style=\"color: #ffffff;\" ><\/i><\/a>[\/vc_column_inner][vc_column_inner width=\u00bb1\/6&#8243;][\/vc_column_inner][\/vc_row_inner][\/vc_column][\/vc_row]<\/p>\n","protected":false},"excerpt":{"rendered":"<p>[vc_row css_animation=\u00bb\u00bb row_type=\u00bbrow\u00bb use_row_as_full_screen_section=\u00bbno\u00bb type=\u00bbgrid\u00bb angled_section=\u00bbno\u00bb text_align=\u00bbleft\u00bb background_image_as_pattern=\u00bbwithout_pattern\u00bb css=\u00bb.vc_custom_1525798224094{padding-top: 5% !important;padding-bottom: 30px !important;}\u00bb z_index=\u00bb\u00bb][vc_column width=\u00bb2\/3&#8243;][vc_column_text css=\u00bb.vc_custom_1532179938560{margin-bottom: 30px !important;}\u00bb] SERVICIOS [\/vc_column_text][vc_zigzag color=\u00bbblack\u00bb align=\u00bbleft\u00bb el_width=\u00bb20&#8243;][\/vc_column][vc_column width=\u00bb1\/3&#8243;][\/vc_column][\/vc_row][vc_row css_animation=\u00bb\u00bb row_type=\u00bbrow\u00bb use_row_as_full_screen_section=\u00bbno\u00bb type=\u00bbfull_width\u00bb angled_section=\u00bbno\u00bb text_align=\u00bbleft\u00bb background_image_as_pattern=\u00bbwithout_pattern\u00bb css=\u00bb.vc_custom_1526464211225{margin-top: 15px !important;}\u00bb z_index=\u00bb\u00bb][vc_column width=\u00bb1\/2&#8243;][vc_single_image image=\u00bb631&#8243; img_size=\u00bblarge\u00bb onclick=\u00bblink_image\u00bb qode_css_animation=\u00bb\u00bb qode_hover_animation=\u00bbzoom_in\u00bb css=\u00bb.vc_custom_1530696861799{margin-bottom: 35px !important;}\u00bb][\/vc_column][vc_column width=\u00bb1\/2&#8243;][vc_row_inner&#8230;<\/p>\n","protected":false},"author":3,"featured_media":0,"parent":0,"menu_order":0,"comment_status":"closed","ping_status":"closed","template":"","meta":{"_exactmetrics_skip_tracking":false,"_exactmetrics_sitenote_active":false,"_exactmetrics_sitenote_note":"","_exactmetrics_sitenote_category":0,"footnotes":""},"_links":{"self":[{"href":"https:\/\/tolomendi.eus\/es\/wp-json\/wp\/v2\/pages\/649\/"}],"collection":[{"href":"https:\/\/tolomendi.eus\/es\/wp-json\/wp\/v2\/pages\/"}],"about":[{"href":"https:\/\/tolomendi.eus\/es\/wp-json\/wp\/v2\/types\/page\/"}],"author":[{"embeddable":true,"href":"https:\/\/tolomendi.eus\/es\/wp-json\/wp\/v2\/users\/3\/"}],"replies":[{"embeddable":true,"href":"https:\/\/tolomendi.eus\/es\/wp-json\/wp\/v2\/comments\/?post=649"}],"version-history":[{"count":68,"href":"https:\/\/tolomendi.eus\/es\/wp-json\/wp\/v2\/pages\/649\/revisions\/"}],"predecessor-version":[{"id":3384,"href":"https:\/\/tolomendi.eus\/es\/wp-json\/wp\/v2\/pages\/649\/revisions\/3384\/"}],"wp:attachment":[{"href":"https:\/\/tolomendi.eus\/es\/wp-json\/wp\/v2\/media\/?parent=649"}],"curies":[{"name":"wp","href":"https:\/\/api.w.org\/{rel}","templated":true}]}}