{"id":646,"date":"2018-05-08T12:37:55","date_gmt":"2018-05-08T11:37:55","guid":{"rendered":"https:\/\/tolomendi.eus\/tolomendi\/"},"modified":"2024-08-13T12:57:14","modified_gmt":"2024-08-13T10:57:14","slug":"tolomendi","status":"publish","type":"page","link":"https:\/\/tolomendi.eus\/es\/tolomendi\/","title":{"rendered":"Tolomendi"},"content":{"rendered":"<p>[vc_row css_animation=\u00bb\u00bb row_type=\u00bbrow\u00bb use_row_as_full_screen_section=\u00bbno\u00bb type=\u00bbgrid\u00bb angled_section=\u00bbno\u00bb text_align=\u00bbleft\u00bb background_image_as_pattern=\u00bbwithout_pattern\u00bb z_index=\u00bb\u00bb css=\u00bb.vc_custom_1532510475623{margin-top: 7% !important;margin-bottom: 5% !important;}\u00bb][vc_column width=\u00bb1\/2&#8243;][vc_column_text]<\/p>\n<h1 style=\"font-weight: 200;\">TOLOMENDI<\/h1>\n<p>[\/vc_column_text][vc_column_text css=\u00bb.vc_custom_1655409624990{margin-bottom: 30px !important;}\u00bb]<\/p>\n<h2 style=\"font-size: 3.5em;\">Impulsando el desarrollo rural de Tolosaldea desde 1990<\/h2>\n<p>[\/vc_column_text][vc_separator type=\u00bbnormal\u00bb]<a  itemprop=\"url\" href=\"https:\/\/tolomendi.eus\/wp-content\/uploads\/2018\/07\/Tolomendi-web-bazkide-zerrenda.pdf\" target=\"_blank\" data-hover-background-color=#d2742d data-hover-border-color=#d2742d  class=\"qbutton  large center default\" style=\"margin: 30px 0px 30px 0px; \">CONOCE A TODOS NUESTROS MIEMBROS<i class=\"qodef-icon-dripicons dripicon dripicons-cloud-download qode_button_icon_element\" style=\"\" ><\/i><\/a>[\/vc_column][vc_column width=\u00bb1\/2&#8243;][vc_gallery type=\u00bbflexslider_slide\u00bb interval=\u00bb3&#8243; images=\u00bb612,615,616,610,611,608,609,614,617,613&#8243; img_size=\u00bblarge\u00bb direction_nav=\u00bbyes\u00bb control_nav=\u00bbno\u00bb pause_on_hover=\u00bbno\u00bb frame=\u00bbno\u00bb][\/vc_column][vc_column][vc_column_text css=\u00bb.vc_custom_1532177929493{margin-bottom: 15px !important;}\u00bb]La Asociaci\u00f3n de Desarrollo Rural de Tolosaldea, Tolomendi, es fruto de la colaboraci\u00f3n de los <strong>28 municipios y agentes<\/strong>del primer sector.[\/vc_column_text][vc_column_text css=\u00bb.vc_custom_1532177938176{margin-bottom: 15px !important;}\u00bb]<\/p>\n<p>Fomentando la <strong>participaci\u00f3n, comunicaci\u00f3n y colaboraci\u00f3n<\/strong> entre sus miembros, con el objetivo de desarrollar el medio rural de la comarca.<\/p>\n<p>[\/vc_column_text][\/vc_column][\/vc_row][vc_row css_animation=\u00bb\u00bb row_type=\u00bbrow\u00bb use_row_as_full_screen_section=\u00bbno\u00bb type=\u00bbgrid\u00bb angled_section=\u00bbno\u00bb text_align=\u00bbleft\u00bb background_image_as_pattern=\u00bbwithout_pattern\u00bb css=\u00bb.vc_custom_1532510513886{margin-top: 7% !important;padding-bottom: 5% !important;}\u00bb z_index=\u00bb\u00bb][vc_column width=\u00bb1\/2&#8243;][vc_column_text css=\u00bb.vc_custom_1532512536052{margin-bottom: 30px !important;}\u00bb]<\/p>\n<h2 style=\"font-size: 3.5em;\">Plan Estrategico de Tolomendi<\/h2>\n<p>[\/vc_column_text][vc_separator type=\u00bbnormal\u00bb][vc_column_text css=\u00bb.vc_custom_1530520459835{margin-bottom: 15px !important;}\u00bb]Nuestras funciones y acciones est\u00e1n contempladas en el Programa de Desarrollo Rural. El Programa de Desarrollo Rural tiene su origen en la ley 10\/1998 para el Desarrollo Rural de Euskadi. [\/vc_column_text]<a  itemprop=\"url\" href=\"https:\/\/tolomendi.eus\/wp-content\/uploads\/2018\/07\/PDR_2016_TOLOSALDEA.pdf\" target=\"_blank\" data-hover-background-color=#d2742d data-hover-border-color=#d2742d  class=\"qbutton  large center default\" style=\"margin: 30px 0px 30px 0px; \">PROGRAMA DE DESARROLLO RURAL 2015 - 2020<i class=\"qodef-icon-dripicons dripicon dripicons-cloud-download qode_button_icon_element\" style=\"\" ><\/i><\/a>[\/vc_column][vc_column width=\u00bb1\/2&#8243;][vc_single_image image=\u00bb595&#8243; img_size=\u00bblarge\u00bb alignment=\u00bbcenter\u00bb onclick=\u00bblink_image\u00bb qode_css_animation=\u00bb\u00bb][\/vc_column][\/vc_row][vc_row css_animation=\u00bb\u00bb row_type=\u00bbrow\u00bb use_row_as_full_screen_section=\u00bbno\u00bb type=\u00bbgrid\u00bb angled_section=\u00bbno\u00bb text_align=\u00bbleft\u00bb background_image_as_pattern=\u00bbwithout_pattern\u00bb bg_type=\u00bbimage\u00bb parallax_style=\u00bbvcpb-vz-jquery\u00bb bg_image_new=\u00bbid^218|url^https:\/\/tolomendi.eus\/wp-content\/uploads\/2018\/04\/tolomendi-nekazaritza-eraldatzen-2.jpg|caption^null|alt^null|title^tolomendi-nekazaritza-eraldatzen-2|description^null\u00bb bg_image_repeat=\u00bbno-repeat\u00bb parallax_sense=\u00bb40&#8243; bg_override=\u00bbex-full\u00bb disable_on_mobile_img_parallax=\u00bbdisable_on_mobile_img_parallax_value\u00bb z_index=\u00bb\u00bb css=\u00bb.vc_custom_1527782826442{padding-top: 5% !important;padding-bottom: 150px !important;}\u00bb el_id=\u00bbproyectos\u00bb][vc_column][vc_column_text css=\u00bb.vc_custom_1532177797114{margin-bottom: 30px !important;}\u00bb]<\/p>\n<h2 style=\"font-size: 3.5em; text-align: center; color: #fff;\">Proyectos<\/h2>\n<p>[\/vc_column_text][vc_separator type=\u00bbnormal\u00bb][\/vc_column][\/vc_row][vc_row css_animation=\u00bb\u00bb row_type=\u00bbrow\u00bb use_row_as_full_screen_section=\u00bbno\u00bb type=\u00bbgrid\u00bb angled_section=\u00bbno\u00bb text_align=\u00bbleft\u00bb background_image_as_pattern=\u00bbwithout_pattern\u00bb z_index=\u00bb\u00bb css=\u00bb.vc_custom_1532512393060{margin-bottom: 5% !important;padding-bottom: 60px !important;}\u00bb][vc_column css=\u00bb.vc_custom_1530522144244{margin-top: -100px !important;background-color: #ffffff !important;}\u00bb][qode_content_slider auto_rotate=\u00bb5&#8243; enable_drag=\u00bbyes\u00bb direction_nav=\u00bbyes\u00bb control_nav=\u00bbno\u00bb control_nav_justify=\u00bbno\u00bb pause_on_hover=\u00bbyes\u00bb][qode_content_slider_item][vc_row_inner row_type=\u00bbrow\u00bb type=\u00bbfull_width\u00bb text_align=\u00bbleft\u00bb css_animation=\u00bb\u00bb css=\u00bb.vc_custom_1525806634486{background-color: #ffffff !important;}\u00bb][vc_column_inner width=\u00bb1\/2&#8243;][vc_single_image image=\u00bb1001&#8243; img_size=\u00bblarge\u00bb alignment=\u00bbcenter\u00bb onclick=\u00bblink_image\u00bb qode_css_animation=\u00bb\u00bb qode_hover_animation=\u00bbzoom_in\u00bb][\/vc_column_inner][vc_column_inner width=\u00bb1\/2&#8243; css=\u00bb.vc_custom_1532178346925{padding-right: 35px !important;padding-left: 35px !important;}\u00bb][vc_column_text css=\u00bb.vc_custom_1532178155197{margin-bottom: 15px !important;}\u00bb]<\/p>\n<h2>01. Jan Tolosaldea<\/h2>\n<p>[\/vc_column_text][vc_column_text]Esta iniciativa es m\u00e1s que un proyecto, ha comenzado una estrategia a largo plazo, con el objetivo de ayudar a desarrollar un sistema de alimentaci\u00f3n basado en los productos locales. Desarrollar un sistema de alimentaci\u00f3n local, la iniciativa hace posible sus influencias positivas y multiplicadoras, en la econom\u00eda de Tolosaldea, en el medio ambiente y en el desarrollo de la sociedad.[\/vc_column_text][vc_column_text css=\u00bb.vc_custom_1532178209996{margin-top: 15px !important;}\u00bb]Desde trabajar el concepto de una buena alimentaci\u00f3n, tejer redes con todos los agentes que conforman el sistema o la cadena de alimentaci\u00f3n es un punto de partida para promover la cooperaci\u00f3n, las sinergias y generar efectos multiplicadores, hacer m\u00e1s fuerte cada eslab\u00f3n y desarrollar un sistema completo de alimentaci\u00f3n es lo que persigue el proyecto.[\/vc_column_text][\/vc_column_inner][\/vc_row_inner][\/qode_content_slider_item][qode_content_slider_item][vc_row_inner row_type=\u00bbrow\u00bb type=\u00bbfull_width\u00bb text_align=\u00bbleft\u00bb css_animation=\u00bb\u00bb css=\u00bb.vc_custom_1525806725572{background-color: #ffffff !important;}\u00bb][vc_column_inner width=\u00bb1\/2&#8243;][vc_single_image image=\u00bb599&#8243; img_size=\u00bblarge\u00bb alignment=\u00bbcenter\u00bb onclick=\u00bblink_image\u00bb qode_css_animation=\u00bb\u00bb qode_hover_animation=\u00bbzoom_in\u00bb][\/vc_column_inner][vc_column_inner width=\u00bb1\/2&#8243; css=\u00bb.vc_custom_1532178358747{padding-right: 35px !important;padding-bottom: 35px !important;padding-left: 35px !important;}\u00bb][vc_column_text css=\u00bb.vc_custom_1532178251991{margin-bottom: 15px !important;}\u00bb]<\/p>\n<h2>02. Desarrollo de los Ostatus<\/h2>\n<p>[\/vc_column_text][vc_column_text css=\u00bb.vc_custom_1532178274386{margin-bottom: 15px !important;}\u00bb]Dar respuesta a los problemas que presentan los Ostatus en diversos pueblos y barrios de la comarca, con el objetivo de orientarles para que los proyectos sean econ\u00f3micamente viables y socialmente responsables, y con el objetivo de resucitarlos, comenzamos con una reflexi\u00f3n estrat\u00e9gica conjunta.[\/vc_column_text][vc_column_text css=\u00bb.vc_custom_1532178294057{margin-bottom: 15px !important;}\u00bb]Entendemos que los Ostatus cumplen cuatro funciones principales, convertirse en un espacio de socializaci\u00f3n para los y las ciudadanas, un espacio abierto de acogida para los y las visitantes, una oferta hostelera y los puestos de trabajo, y el cuarto, desarrollar una oferta gastron\u00f3mica basada en una presencia importante de los productos que se crean en los caser\u00edos y zonas rurales, cumpliendo as\u00ed una funci\u00f3n de tracci\u00f3n econ\u00f3mica en la zona rural.[\/vc_column_text][vc_column_text]Los proyectos para el desarrollo de los Ostatus, en base a esos pilares promueven iniciativas para promover el desarrollo de albergues en la comarca.[\/vc_column_text][\/vc_column_inner][\/vc_row_inner][\/qode_content_slider_item][qode_content_slider_item][vc_row_inner row_type=\u00bbrow\u00bb type=\u00bbfull_width\u00bb text_align=\u00bbleft\u00bb css_animation=\u00bb\u00bb css=\u00bb.vc_custom_1525806725572{background-color: #ffffff !important;}\u00bb][vc_column_inner width=\u00bb1\/2&#8243;][vc_single_image image=\u00bb600&#8243; img_size=\u00bblarge\u00bb alignment=\u00bbcenter\u00bb onclick=\u00bblink_image\u00bb qode_css_animation=\u00bb\u00bb qode_hover_animation=\u00bbzoom_in\u00bb][\/vc_column_inner][vc_column_inner width=\u00bb1\/2&#8243; css=\u00bb.vc_custom_1530695620992{padding-right: 35px !important;padding-bottom: 35px !important;padding-left: 35px !important;}\u00bb][vc_column_text css=\u00bb.vc_custom_1532178409017{margin-bottom: 15px !important;}\u00bb]<\/p>\n<h2>03. Mendiko gazta<\/h2>\n<p>[\/vc_column_text][vc_column_text css=\u00bb.vc_custom_1532178432647{margin-bottom: 15px !important;}\u00bb]Principalmente en los montes de Gipuzkoa, pero tambi\u00e9n en otros lugares, cuando sub\u00edan a los campos, bajaban las ovejas y hac\u00edan queso en la monta\u00f1a, para no perder esta pr\u00e1ctica, se puso en marcha el proyecto Mendiko Gazta \u2013 Gazta de Monta\u00f1a. Adem\u00e1s de los pastores participan Diputaciones forales, la denominaci\u00f3n de origen Idiazabal, la Mancomunidad Ernio-Aralar, Parconerias de Gipuzkoa y \u00c1lava, asociaciones de desarrollo rural y ayuntamientos que tienen praderas, por ejemplo el Ayuntamiento de O\u00f1ati.[\/vc_column_text][vc_column_text]A trav\u00e9s de este proyecto se fomenta la marca colectiva Euskal Herriko Mendi Gazta, haciendo inversiones en las txabolas de los pastores y en infraestructura para producir un queso en adecuadas condiciones de salubridad. El objetivo principal de este proyecto es que perdure este tesoro gastron\u00f3mico con los numerosos valores positivos que aporta a la sociedad, econ\u00f3micos, culturales, medioambientales.[\/vc_column_text][\/vc_column_inner][\/vc_row_inner][\/qode_content_slider_item][qode_content_slider_item][vc_row_inner row_type=\u00bbrow\u00bb type=\u00bbfull_width\u00bb text_align=\u00bbleft\u00bb css_animation=\u00bb\u00bb css=\u00bb.vc_custom_1525806725572{background-color: #ffffff !important;}\u00bb][vc_column_inner width=\u00bb1\/2&#8243;][vc_single_image image=\u00bb601&#8243; img_size=\u00bblarge\u00bb alignment=\u00bbcenter\u00bb onclick=\u00bblink_image\u00bb qode_css_animation=\u00bb\u00bb qode_hover_animation=\u00bbzoom_in\u00bb][\/vc_column_inner][vc_column_inner width=\u00bb1\/2&#8243; css=\u00bb.vc_custom_1532178580848{padding-right: 35px !important;padding-bottom: 45px !important;padding-left: 35px !important;}\u00bb][vc_column_text]<\/p>\n<h2>04. Gesti\u00f3n del servicio de maquinaria<\/h2>\n<p>[\/vc_column_text][vc_column_text css=\u00bb.vc_custom_1532178492430{margin-bottom: 15px !important;}\u00bb]Casi la mayor\u00eda de ayuntamientos y peque\u00f1as explotaciones de caser\u00edo, las oportunidades de mecanizado pasan por compartir la maquinaria adecuada para mejorar en competitividad, por la gran inversi\u00f3n que supone y las caracter\u00edsticas de nuestros caser\u00edos y pueblos, para sacar el mayor rendimiento, con unos costes razonables.[\/vc_column_text][vc_column_text css=\u00bb.vc_custom_1532178499052{margin-bottom: 15px !important;}\u00bb]As\u00ed los servicios que se ofrecen a ayuntamientos y baserritarras, se gestionan mediante un servicio profesional y espec\u00edfico para ello, BELARMENDI. Desbrozadoras para limpiar los bordes de los caminos, peque\u00f1as m\u00e1quinas para hacer movimiento de tierra, encintadoras, segadoras, rotoempacadoras, de siembra, m\u00e1quinas para recoger ma\u00edz\u2026 ofrece servicios de este tipo de maquinaria y promoviendo as\u00ed el desarrollo conjunto de un proyecto entre los ayuntamientos y los baserritarras.[\/vc_column_text][vc_column_text]Las personas interesadas pueden contactar con el servicio Belarmendi (943.69.12.50 \/ 647.603.205)[\/vc_column_text][\/vc_column_inner][\/vc_row_inner][\/qode_content_slider_item][qode_content_slider_item][vc_row_inner row_type=\u00bbrow\u00bb type=\u00bbfull_width\u00bb text_align=\u00bbleft\u00bb css_animation=\u00bb\u00bb css=\u00bb.vc_custom_1525806725572{background-color: #ffffff !important;}\u00bb][vc_column_inner width=\u00bb1\/2&#8243;][vc_single_image image=\u00bb602&#8243; img_size=\u00bbfull\u00bb alignment=\u00bbcenter\u00bb onclick=\u00bblink_image\u00bb qode_css_animation=\u00bb\u00bb qode_hover_animation=\u00bbzoom_in\u00bb][\/vc_column_inner][vc_column_inner width=\u00bb1\/2&#8243; css=\u00bb.vc_custom_1530695074712{padding-right: 35px !important;padding-left: 35px !important;}\u00bb][vc_column_text css=\u00bb.vc_custom_1532178512823{margin-bottom: 15px !important;}\u00bb]<\/p>\n<h2>05. Viveros de huertas<\/h2>\n<p>[\/vc_column_text][vc_column_text css=\u00bb.vc_custom_1532178541782{margin-bottom: 15px !important;}\u00bb]En la comarca, la formaci\u00f3n te\u00f3rica est\u00e1 garantizada, pero para aquellos emprendedores que buscan una formaci\u00f3n m\u00e1s pr\u00e1ctica, ofrece una huerta como v\u00edvero.[\/vc_column_text][vc_column_text]El proyecto busca formar a horticultores\/as del futuro, ofreciendo la adecuada infraestructura en el barrio Santa Lutzia. El proyecto es promovido por el ayuntamiento de Tolosa, La Escuela Fraisoro y la oficina Gaztenek.[\/vc_column_text][\/vc_column_inner][\/vc_row_inner][\/qode_content_slider_item][\/qode_content_slider][\/vc_column][\/vc_row][vc_row css_animation=\u00bb\u00bb row_type=\u00bbrow\u00bb use_row_as_full_screen_section=\u00bbno\u00bb type=\u00bbfull_width\u00bb angled_section=\u00bbno\u00bb text_align=\u00bbleft\u00bb background_image_as_pattern=\u00bbwithout_pattern\u00bb][vc_column][\/vc_column][\/vc_row]<\/p>\n","protected":false},"excerpt":{"rendered":"<p>[vc_row css_animation=\u00bb\u00bb row_type=\u00bbrow\u00bb use_row_as_full_screen_section=\u00bbno\u00bb type=\u00bbgrid\u00bb angled_section=\u00bbno\u00bb text_align=\u00bbleft\u00bb background_image_as_pattern=\u00bbwithout_pattern\u00bb z_index=\u00bb\u00bb css=\u00bb.vc_custom_1532510475623{margin-top: 7% !important;margin-bottom: 5% !important;}\u00bb][vc_column width=\u00bb1\/2&#8243;][vc_column_text] TOLOMENDI [\/vc_column_text][vc_column_text css=\u00bb.vc_custom_1655409624990{margin-bottom: 30px !important;}\u00bb] Impulsando el desarrollo rural de Tolosaldea desde 1990 [\/vc_column_text][vc_separator type=\u00bbnormal\u00bb][\/vc_column][vc_column width=\u00bb1\/2&#8243;][vc_gallery type=\u00bbflexslider_slide\u00bb interval=\u00bb3&#8243; images=\u00bb612,615,616,610,611,608,609,614,617,613&#8243; img_size=\u00bblarge\u00bb direction_nav=\u00bbyes\u00bb control_nav=\u00bbno\u00bb pause_on_hover=\u00bbno\u00bb frame=\u00bbno\u00bb][\/vc_column][vc_column][vc_column_text css=\u00bb.vc_custom_1532177929493{margin-bottom: 15px !important;}\u00bb]La Asociaci\u00f3n de Desarrollo&#8230;<\/p>\n","protected":false},"author":3,"featured_media":0,"parent":0,"menu_order":0,"comment_status":"closed","ping_status":"closed","template":"full_width.php","meta":{"_exactmetrics_skip_tracking":false,"_exactmetrics_sitenote_active":false,"_exactmetrics_sitenote_note":"","_exactmetrics_sitenote_category":0,"footnotes":""},"_links":{"self":[{"href":"https:\/\/tolomendi.eus\/es\/wp-json\/wp\/v2\/pages\/646\/"}],"collection":[{"href":"https:\/\/tolomendi.eus\/es\/wp-json\/wp\/v2\/pages\/"}],"about":[{"href":"https:\/\/tolomendi.eus\/es\/wp-json\/wp\/v2\/types\/page\/"}],"author":[{"embeddable":true,"href":"https:\/\/tolomendi.eus\/es\/wp-json\/wp\/v2\/users\/3\/"}],"replies":[{"embeddable":true,"href":"https:\/\/tolomendi.eus\/es\/wp-json\/wp\/v2\/comments\/?post=646"}],"version-history":[{"count":62,"href":"https:\/\/tolomendi.eus\/es\/wp-json\/wp\/v2\/pages\/646\/revisions\/"}],"predecessor-version":[{"id":4177,"href":"https:\/\/tolomendi.eus\/es\/wp-json\/wp\/v2\/pages\/646\/revisions\/4177\/"}],"wp:attachment":[{"href":"https:\/\/tolomendi.eus\/es\/wp-json\/wp\/v2\/media\/?parent=646"}],"curies":[{"name":"wp","href":"https:\/\/api.w.org\/{rel}","templated":true}]}}