{"id":3159,"date":"2022-06-16T17:54:31","date_gmt":"2022-06-16T15:54:31","guid":{"rendered":"https:\/\/tolomendi.eus\/auzolanginltza\/"},"modified":"2022-06-19T11:04:12","modified_gmt":"2022-06-19T09:04:12","slug":"auzolanginltza","status":"publish","type":"page","link":"https:\/\/tolomendi.eus\/es\/auzolanginltza\/","title":{"rendered":"Auzolangin(l)tza"},"content":{"rendered":"<p>[vc_row css_animation=\u00bb\u00bb row_type=\u00bbrow\u00bb use_row_as_full_screen_section=\u00bbno\u00bb type=\u00bbfull_width\u00bb angled_section=\u00bbno\u00bb text_align=\u00bbleft\u00bb background_image_as_pattern=\u00bbwithout_pattern\u00bb][vc_column width=\u00bb2\/3&#8243; css=\u00bb.vc_custom_1654634764066{margin-top: 50px !important;}\u00bb][vc_column_text]<\/p>\n<h1>AUZOLANGIN(L)TZA<\/h1>\n<p>[\/vc_column_text][vc_zigzag color=\u00bbblack\u00bb align=\u00bbleft\u00bb el_width=\u00bb20&#8243; css=\u00bb.vc_custom_1636910937177{margin-top: 30px !important;}\u00bb][vc_empty_space height=\u00bb50px\u00bb][vc_column_text]<\/p>\n<h2>\u00bfEl auzolan en la construcci\u00f3n de la Gipuzkoa del siglo XXI cosa del pasado o la llave del futuro?<\/h2>\n<p>[\/vc_column_text][\/vc_column][vc_column css_animation=\u00bbbounceIn\u00bb width=\u00bb1\/6&#8243; offset=\u00bbvc_col-xs-6&#8243;][vc_column_text]<\/p>\n<p>&nbsp;<\/p>\n<p>&nbsp;<\/p>\n<p style=\"text-align: center;\">Participa<\/p>\n<p style=\"text-align: center;\">en los talleres<\/p>\n<p style=\"text-align: center;\">AUZOLANGIN(L)TZA<\/p>\n<p>[\/vc_column_text]<a  itemprop=\"url\" href=\"https:\/\/docs.google.com\/forms\/d\/e\/1FAIpQLSe4Oo2lUwmap3CXy2XmxqCDthCXphl3GhTbYfmW5STqLQgqPA\/viewform\" target=\"_blank\"  class=\"qbutton  big_large_full_width enlarge\" style=\"\">INSCRIBIRSE<\/a>[\/vc_column][vc_column css_animation=\u00bbbounceIn\u00bb width=\u00bb1\/6&#8243; offset=\u00bbvc_col-xs-6&#8243;][vc_column_text]<\/p>\n<p style=\"text-align: center;\">Si conoces alguna experiencia relacionada con el auzolan en tu entorno rellena el siguiente cuestionario<\/p>\n<p>[\/vc_column_text]<a  itemprop=\"url\" href=\"https:\/\/forms.gle\/rwEWUpAgag3ADb9u9\" target=\"_blank\"  class=\"qbutton  big_large_full_width default\" style=\"\">CUESTIONARIO<\/a>[\/vc_column][\/vc_row][vc_row css_animation=\u00bb\u00bb row_type=\u00bbrow\u00bb use_row_as_full_screen_section=\u00bbno\u00bb type=\u00bbfull_width\u00bb angled_section=\u00bbno\u00bb text_align=\u00bbleft\u00bb background_image_as_pattern=\u00bbwithout_pattern\u00bb][vc_column][vc_empty_space height=\u00bb80px\u00bb][vc_single_image image=\u00bb2470&#8243; img_size=\u00bbfull\u00bb alignment=\u00bbcenter\u00bb onclick=\u00bbcustom_link\u00bb qode_css_animation=\u00bb\u00bb link=\u00bbhttps:%2F%2Ftolomendi.eus%2Fauzolanginltza%2F|\u00bb][\/vc_column][\/vc_row][vc_row css_animation=\u00bb\u00bb row_type=\u00bbrow\u00bb use_row_as_full_screen_section=\u00bbno\u00bb type=\u00bbfull_width\u00bb angled_section=\u00bbno\u00bb text_align=\u00bbleft\u00bb background_image_as_pattern=\u00bbwithout_pattern\u00bb][vc_column width=\u00bb1\/3&#8243;][vc_empty_space][vc_column_text]<\/p>\n<h2>\u00bfQU\u00c9 SE QUIERE CONSEGUIR?<\/h2>\n<p>[\/vc_column_text][vc_column_text]Se pretende actualizar y consolidar el auzolana[bere esanahia eta forma sozial eta instituzionala] como herramienta para fomentar la cultura de la cooperaci\u00f3n, la corresponsabilidad, la implicaci\u00f3n social y el trabajo en equipo para responder a los retos que se plantean en el nuevo contexto de la Tolosaldea actual.[\/vc_column_text][\/vc_column][vc_column width=\u00bb1\/3&#8243;][vc_empty_space][vc_column_text]<\/p>\n<h2>\u00bfC\u00d3MO SE CONSEGUIRA?<\/h2>\n<p>[\/vc_column_text][vc_column_text]Actualizando la cultura de la responsabilidad y el auzolan en los pueblos peque\u00f1os y barrios de Tolosaldea, Mediante una din\u00e1mica participativ en colaboraci\u00f3n con los agentes de la comarca (pueblos, vecinos, asociaciones).[\/vc_column_text][\/vc_column][vc_column width=\u00bb1\/3&#8243;][vc_empty_space][vc_column_text]<\/p>\n<h2>\u00bfQU\u00c9 NOS PUEDE APORTAR?<\/h2>\n<p>[\/vc_column_text][vc_column_text]Praxis o aprendizaje para experimentar y dise\u00f1ar pr\u00e1cticas para responder a las necesidades actuales de Gipuzkoa mediante pr\u00e1cticas de Auzolan actualizadas.[\/vc_column_text][\/vc_column][\/vc_row][vc_row css_animation=\u00bb\u00bb row_type=\u00bbrow\u00bb use_row_as_full_screen_section=\u00bbno\u00bb type=\u00bbfull_width\u00bb angled_section=\u00bbno\u00bb text_align=\u00bbleft\u00bb background_image_as_pattern=\u00bbwithout_pattern\u00bb][vc_column][vc_column_text css=\u00bb.vc_custom_1637844122592{margin-top: 100px !important;}\u00bb]<\/p>\n<h1>Consta de 4 fases u objetivos<\/h1>\n<p>[\/vc_column_text][vc_empty_space][\/vc_column][\/vc_row][vc_row css_animation=\u00bb\u00bb row_type=\u00bbrow\u00bb use_row_as_full_screen_section=\u00bbno\u00bb type=\u00bbfull_width\u00bb angled_section=\u00bbno\u00bb text_align=\u00bbleft\u00bb background_image_as_pattern=\u00bbwithout_pattern\u00bb][vc_column width=\u00bb1\/4&#8243;][vc_column_text css=\u00bb.vc_custom_1636900193120{background-color: #d3d3d3 !important;}\u00bb]<\/p>\n<h1><strong><span style=\"color: #ffffff;\">01&gt;&gt;<\/span><\/strong><\/h1>\n<p>[\/vc_column_text][vc_column_text]Consensuar la visi\u00f3n del Auzolan.[\/vc_column_text][\/vc_column][vc_column width=\u00bb1\/4&#8243;][vc_column_text css=\u00bb.vc_custom_1636900232022{background-color: #d3d3d3 !important;}\u00bb]<\/p>\n<h1><span style=\"color: #ffffff;\"><strong>02&gt;&gt;<\/strong><\/span><\/h1>\n<p>[\/vc_column_text][vc_column_text]Dise\u00f1ar una iniciativa que sea un modelo de auzolan actualizado y factible.[\/vc_column_text][\/vc_column][vc_column width=\u00bb1\/4&#8243;][vc_column_text css=\u00bb.vc_custom_1636900287483{background-color: #d3d3d3 !important;}\u00bb]<\/p>\n<h1><span style=\"color: #ffffff;\"><strong>03&gt;&gt;<\/strong><\/span><\/h1>\n<p>[\/vc_column_text][vc_column_text]Experimentar[\/vc_column_text][\/vc_column][vc_column width=\u00bb1\/4&#8243;][vc_column_text css=\u00bb.vc_custom_1636900259761{background-color: #d3d3d3 !important;}\u00bb]<\/p>\n<h1><span style=\"color: #ffffff;\"><strong>04&gt;&gt;<\/strong><\/span><\/h1>\n<p>[\/vc_column_text][vc_column_text]Extraer aprendizajes, especialmente para Tolosaldea y Gipuzkoa.[\/vc_column_text][\/vc_column][\/vc_row][vc_row css_animation=\u00bb\u00bb row_type=\u00bbrow\u00bb use_row_as_full_screen_section=\u00bbno\u00bb type=\u00bbfull_width\u00bb angled_section=\u00bbno\u00bb text_align=\u00bbleft\u00bb background_image_as_pattern=\u00bbwithout_pattern\u00bb][vc_column][vc_column_text css=\u00bb.vc_custom_1636912917520{margin-top: 100px !important;}\u00bb]<\/p>\n<h2>#auzolangin(l)tza<\/h2>\n<p>[\/vc_column_text][vc_empty_space][\/vc_column][\/vc_row][vc_row css_animation=\u00bb\u00bb row_type=\u00bbrow\u00bb use_row_as_full_screen_section=\u00bbno\u00bb type=\u00bbfull_width\u00bb angled_section=\u00bbno\u00bb text_align=\u00bbleft\u00bb background_image_as_pattern=\u00bbwithout_pattern\u00bb][vc_column width=\u00bb1\/2&#8243;][vc_video link=\u00bbhttps:\/\/www.youtube.com\/watch?v=Zp3_wTaQ4Lg\u00bb][\/vc_column][vc_column width=\u00bb1\/2&#8243;][vc_column_text]<a href=\"https:\/\/www.diariovasco.com\/gipuzkoa\/auzolan-adapta-siglo-20210913200152-nt.html#vca=fixed-btn&amp;vso=rrss&amp;vmc=tw&amp;vli=Gipuzkoa\" target=\"_blank\" rel=\"noopener\"><strong>EL DIARIO VASCO [2021-09-13]<\/strong> &#8211; Auzolan que se adapta al siglo XXI<\/a><\/p>\n<p><a href=\"https:\/\/ataria.eus\/tolosaldea\/1630654974327-auzolana-izan-daiteke-giltza\" target=\"_blank\" rel=\"noopener\"><strong>ATARIA [2021-09-03]<\/strong> &#8211; Auzolana izan daiteke giltza<\/a><\/p>\n<p><a href=\"https:\/\/www.diariovasco.com\/tolosa-goierri\/auzolanaren-etorkizuna-hizpide-20210724214948-ntvo.html#vca=fixed-btn&amp;vso=rrss&amp;vmc=tw&amp;vli=Tolosa-Goierri&amp;ref=https:\/\/t.co\/\" target=\"_blank\" rel=\"noopener\"><strong>EL DIARIO VASCO [2021-07-24]<\/strong> &#8211; Auzolanaren etorkizuna hizpide Berastegin<\/a><\/p>\n<p><a href=\"https:\/\/www.noticiasdegipuzkoa.eus\/gipuzkoa\/tolosaldea\/2021\/07\/23\/tolosaldea-explorara-potencialidades-cultura\/1129010.html\" target=\"_blank\" rel=\"noopener\"><strong>NOTICIAS DE GIPUZKOA [2021-07-23]<\/strong> &#8211; Tolosaldea explorar\u00e1 \u00ablas potencialidades de la cultura de auzolan\u00bb<\/a><\/p>\n<p><a href=\"https:\/\/www.eusko-ikaskuntza.eus\/eu\/albisteak\/tolosaldeak-xxi-mendeko-auzolanean-sakondu-du\/al-25496\/\" target=\"_blank\" rel=\"noopener\"><strong>EUSKO IKASKUNTZA [ 2021-07-23]<\/strong> &#8211; TOLOSALDEAK XXI. MENDEKO AUZOLANEAN SAKONDU DU<\/a><\/p>\n<p><a href=\"https:\/\/www.noticiasdegipuzkoa.eus\/gipuzkoa\/tolosaldea\/2021\/07\/18\/tolosaldea-busca-revitalizar-cultura-auzolan\/1127565.html?fbclid=IwAR1B6VyjI16s3VqgPqQc-F2EqUiPWLgMXk8dpluN_QCXbA2w5Zfb3Z4kcN4\" target=\"_blank\" rel=\"noopener\"><strong>NOTICIAS DE GIPUZKOA [2021-07-17]<\/strong> &#8211; Tolosaldea busca revitalizar la cultura de auzolan y gobernanza colaborativa<\/a>[\/vc_column_text][\/vc_column][\/vc_row][vc_row css_animation=\u00bb\u00bb row_type=\u00bbrow\u00bb use_row_as_full_screen_section=\u00bbno\u00bb type=\u00bbfull_width\u00bb angled_section=\u00bbno\u00bb text_align=\u00bbleft\u00bb background_image_as_pattern=\u00bbwithout_pattern\u00bb][vc_column][vc_column_text css=\u00bb.vc_custom_1636912996529{margin-top: 100px !important;}\u00bb]<\/p>\n<h2>PROMOTORES:<\/h2>\n<p>[\/vc_column_text][vc_empty_space height=\u00bb50px\u00bb][\/vc_column][\/vc_row][vc_row css_animation=\u00bb\u00bb row_type=\u00bbrow\u00bb use_row_as_full_screen_section=\u00bbno\u00bb type=\u00bbfull_width\u00bb angled_section=\u00bbno\u00bb text_align=\u00bbleft\u00bb background_image_as_pattern=\u00bbwithout_pattern\u00bb][vc_column width=\u00bb1\/5&#8243;][vc_single_image image=\u00bb2440&#8243; img_size=\u00bb\u00bb alignment=\u00bbcenter\u00bb onclick=\u00bbcustom_link\u00bb img_link_target=\u00bb_blank\u00bb qode_css_animation=\u00bb\u00bb link=\u00bbhttps:%2F%2Ftolomendi.eus%2F|\u00bb][\/vc_column][vc_column width=\u00bb1\/5&#8243;][vc_single_image image=\u00bb2436&#8243; img_size=\u00bb\u00bb onclick=\u00bbcustom_link\u00bb img_link_target=\u00bb_blank\u00bb qode_css_animation=\u00bb\u00bb link=\u00bbhttps:%2F%2Fwww.eusko-ikaskuntza.eus%2F|\u00bb][\/vc_column][vc_column width=\u00bb1\/5&#8243;][vc_single_image image=\u00bb2438&#8243; img_size=\u00bb\u00bb onclick=\u00bbcustom_link\u00bb img_link_target=\u00bb_blank\u00bb qode_css_animation=\u00bb\u00bb link=\u00bbhttps:%2F%2Fwww.mondragon.edu%2Feu%2Fhasiera|\u00bb][\/vc_column][vc_column width=\u00bb1\/5&#8243;][vc_single_image image=\u00bb2442&#8243; img_size=\u00bb\u00bb qode_css_animation=\u00bb\u00bb][\/vc_column][vc_column width=\u00bb1\/5&#8243;][vc_single_image image=\u00bb2434&#8243; img_size=\u00bb\u00bb onclick=\u00bbcustom_link\u00bb qode_css_animation=\u00bb\u00bb link=\u00bbhttps:%2F%2Fwww.gipuzkoa.eus%2Feu%2Fweb%2Fetorkizunaeraikiz%2Fhasiera|\u00bb][\/vc_column][\/vc_row][vc_row css_animation=\u00bb\u00bb row_type=\u00bbrow\u00bb use_row_as_full_screen_section=\u00bbno\u00bb type=\u00bbfull_width\u00bb angled_section=\u00bbno\u00bb text_align=\u00bbleft\u00bb background_image_as_pattern=\u00bbwithout_pattern\u00bb][vc_column][vc_empty_space][\/vc_column][\/vc_row]<\/p>\n","protected":false},"excerpt":{"rendered":"<p>[vc_row css_animation=\u00bb\u00bb row_type=\u00bbrow\u00bb use_row_as_full_screen_section=\u00bbno\u00bb type=\u00bbfull_width\u00bb angled_section=\u00bbno\u00bb text_align=\u00bbleft\u00bb background_image_as_pattern=\u00bbwithout_pattern\u00bb][vc_column width=\u00bb2\/3&#8243; css=\u00bb.vc_custom_1654634764066{margin-top: 50px !important;}\u00bb][vc_column_text] AUZOLANGIN(L)TZA [\/vc_column_text][vc_zigzag color=\u00bbblack\u00bb align=\u00bbleft\u00bb el_width=\u00bb20&#8243; css=\u00bb.vc_custom_1636910937177{margin-top: 30px !important;}\u00bb][vc_empty_space height=\u00bb50px\u00bb][vc_column_text] \u00bfEl auzolan en la construcci\u00f3n de la Gipuzkoa del siglo XXI cosa del pasado o la llave del futuro? [\/vc_column_text][\/vc_column][vc_column css_animation=\u00bbbounceIn\u00bb width=\u00bb1\/6&#8243; offset=\u00bbvc_col-xs-6&#8243;][vc_column_text] &nbsp;&#8230;<\/p>\n","protected":false},"author":3,"featured_media":0,"parent":0,"menu_order":0,"comment_status":"closed","ping_status":"closed","template":"","meta":{"_exactmetrics_skip_tracking":false,"_exactmetrics_sitenote_active":false,"_exactmetrics_sitenote_note":"","_exactmetrics_sitenote_category":0,"footnotes":""},"_links":{"self":[{"href":"https:\/\/tolomendi.eus\/es\/wp-json\/wp\/v2\/pages\/3159\/"}],"collection":[{"href":"https:\/\/tolomendi.eus\/es\/wp-json\/wp\/v2\/pages\/"}],"about":[{"href":"https:\/\/tolomendi.eus\/es\/wp-json\/wp\/v2\/types\/page\/"}],"author":[{"embeddable":true,"href":"https:\/\/tolomendi.eus\/es\/wp-json\/wp\/v2\/users\/3\/"}],"replies":[{"embeddable":true,"href":"https:\/\/tolomendi.eus\/es\/wp-json\/wp\/v2\/comments\/?post=3159"}],"version-history":[{"count":97,"href":"https:\/\/tolomendi.eus\/es\/wp-json\/wp\/v2\/pages\/3159\/revisions\/"}],"predecessor-version":[{"id":3395,"href":"https:\/\/tolomendi.eus\/es\/wp-json\/wp\/v2\/pages\/3159\/revisions\/3395\/"}],"wp:attachment":[{"href":"https:\/\/tolomendi.eus\/es\/wp-json\/wp\/v2\/media\/?parent=3159"}],"curies":[{"name":"wp","href":"https:\/\/api.w.org\/{rel}","templated":true}]}}