{"id":3155,"date":"2022-06-15T14:03:09","date_gmt":"2022-06-15T12:03:09","guid":{"rendered":"https:\/\/tolomendi.eus\/practica-en-dama-iturri\/"},"modified":"2022-06-20T17:45:23","modified_gmt":"2022-06-20T15:45:23","slug":"practica-en-dama-iturri","status":"publish","type":"page","link":"https:\/\/tolomendi.eus\/es\/practica-en-dama-iturri\/","title":{"rendered":"PRACTICA EN DAMA-ITURRI"},"content":{"rendered":"<p>[vc_row css_animation=\u00bb\u00bb row_type=\u00bbrow\u00bb use_row_as_full_screen_section=\u00bbno\u00bb type=\u00bbfull_width\u00bb angled_section=\u00bbno\u00bb text_align=\u00bbleft\u00bb background_image_as_pattern=\u00bbwithout_pattern\u00bb][vc_column width=\u00bb1\/2&#8243;][vc_column_text]Siguiendo el proyecto Auzolangin(l)tza, se ha organizado una pr\u00e1ctica de auzolan. Siguiendo el proyecto Auzolangin (l) tza, se ha organizado una pr\u00e1ctica de auzolan. El objetivo es identificar las dudas y dificultades que surgen a la hora de organizar una pr\u00e1ctica de auzolan, y al mismo tiempo, dar los pasos a seguir a la hora de organizar una pr\u00e1ctica de auzolan de una manera pr\u00e1ctica, para crear una gu\u00eda con los aprendizajes extra\u00eddos en ella.<\/p>\n<p>As\u00ed, el s\u00e1bado 18 de junio por la ma\u00f1ana, junto con el Ayuntamiento de Tolosa y en colaboraci\u00f3n con la Asociaci\u00f3n Lizardi y la Alameda, iniciamos la pr\u00e1ctica del auzolan con la intenci\u00f3n de adecentar la zona alrededor del monumento a la Dama Iturri- Lizardi de Urkizu.<\/p>\n<p>Durante los pr\u00f3ximos d\u00edas, del 27 de junio al 8 de julio, los j\u00f3venes de los campos de trabajo que organiza el Ayuntamiento de Tolosa trabajar\u00e1n en auzolan.[\/vc_column_text][vc_column_text css=\u00bb.vc_custom_1655721379033{padding-top: 20px !important;}\u00bb]<\/p>\n<h1>#AUZOLANGIN(L)TZA<\/h1>\n<p><a href=\"https:\/\/udala.tolosa.eus\/eu\/berriak\/kultura-gazteria-jaiak\/dama-iturriko-inguruak-txukunduko-dituzte-aurten-udalak-antolatutako\">-Dama Iturriko inguruak txukunduko dituzte aurten Udalak antolatutako Auzolandegietan (Tolosako Udaleko webgunea)<\/a><\/p>\n<p>&nbsp;<\/p>\n<p><a href=\"https:\/\/ataria.eus\/tolosa\/1654617639967-dama-iturria-txukunduko-dute-auzolandegietan\">-Dama Iturria txukunduko dute auzolandegietan (Tolosaldeko Ataria<\/a>)[\/vc_column_text][\/vc_column][vc_column width=\u00bb1\/2&#8243;][vc_gallery interval=\u00bb3&#8243; images=\u00bb3563,3561,3559,3557,3555,3553,3551,3549,3547&#8243; img_size=\u00bbfull\u00bb][\/vc_column][\/vc_row][vc_row css_animation=\u00bb\u00bb row_type=\u00bbrow\u00bb use_row_as_full_screen_section=\u00bbno\u00bb type=\u00bbfull_width\u00bb angled_section=\u00bbno\u00bb text_align=\u00bbleft\u00bb background_image_as_pattern=\u00bbwithout_pattern\u00bb][vc_column][\/vc_column][\/vc_row]<\/p>\n","protected":false},"excerpt":{"rendered":"<p>[vc_row css_animation=\u00bb\u00bb row_type=\u00bbrow\u00bb use_row_as_full_screen_section=\u00bbno\u00bb type=\u00bbfull_width\u00bb angled_section=\u00bbno\u00bb text_align=\u00bbleft\u00bb background_image_as_pattern=\u00bbwithout_pattern\u00bb][vc_column width=\u00bb1\/2&#8243;][vc_column_text]Siguiendo el proyecto Auzolangin(l)tza, se ha organizado una pr\u00e1ctica de auzolan. Siguiendo el proyecto Auzolangin (l) tza, se ha organizado una pr\u00e1ctica de auzolan. El objetivo es identificar las dudas y dificultades que surgen a la hora&#8230;<\/p>\n","protected":false},"author":2,"featured_media":0,"parent":0,"menu_order":0,"comment_status":"closed","ping_status":"closed","template":"","meta":{"_exactmetrics_skip_tracking":false,"_exactmetrics_sitenote_active":false,"_exactmetrics_sitenote_note":"","_exactmetrics_sitenote_category":0,"footnotes":""},"_links":{"self":[{"href":"https:\/\/tolomendi.eus\/es\/wp-json\/wp\/v2\/pages\/3155\/"}],"collection":[{"href":"https:\/\/tolomendi.eus\/es\/wp-json\/wp\/v2\/pages\/"}],"about":[{"href":"https:\/\/tolomendi.eus\/es\/wp-json\/wp\/v2\/types\/page\/"}],"author":[{"embeddable":true,"href":"https:\/\/tolomendi.eus\/es\/wp-json\/wp\/v2\/users\/2\/"}],"replies":[{"embeddable":true,"href":"https:\/\/tolomendi.eus\/es\/wp-json\/wp\/v2\/comments\/?post=3155"}],"version-history":[{"count":6,"href":"https:\/\/tolomendi.eus\/es\/wp-json\/wp\/v2\/pages\/3155\/revisions\/"}],"predecessor-version":[{"id":3587,"href":"https:\/\/tolomendi.eus\/es\/wp-json\/wp\/v2\/pages\/3155\/revisions\/3587\/"}],"wp:attachment":[{"href":"https:\/\/tolomendi.eus\/es\/wp-json\/wp\/v2\/media\/?parent=3155"}],"curies":[{"name":"wp","href":"https:\/\/api.w.org\/{rel}","templated":true}]}}