{"id":1462,"date":"2018-10-03T09:39:39","date_gmt":"2018-10-03T07:39:39","guid":{"rendered":"https:\/\/tolomendi.eus\/jan-tolosaldea\/"},"modified":"2018-10-11T10:14:23","modified_gmt":"2018-10-11T08:14:23","slug":"jan-tolosaldea","status":"publish","type":"page","link":"https:\/\/tolomendi.eus\/es\/jan-tolosaldea\/","title":{"rendered":"Jan tolosaldea"},"content":{"rendered":"<p>[vc_row css_animation=\u00bb\u00bb row_type=\u00bbrow\u00bb use_row_as_full_screen_section=\u00bbno\u00bb type=\u00bbgrid\u00bb angled_section=\u00bbno\u00bb text_align=\u00bbleft\u00bb background_image_as_pattern=\u00bbwithout_pattern\u00bb css=\u00bb.vc_custom_1525798224094{padding-top: 5% !important;padding-bottom: 30px !important;}\u00bb z_index=\u00bb\u00bb][vc_column width=\u00bb2\/3&#8243;][vc_column_text css=\u00bb.vc_custom_1538552899063{margin-bottom: 30px !important;}\u00bb]<\/p>\n<h1 style=\"font-size: 3.5em;\">JAN TOLOSALDEA<\/h1>\n<p>[\/vc_column_text][vc_zigzag color=\u00bbblack\u00bb align=\u00bbleft\u00bb el_width=\u00bb20&#8243;][\/vc_column][vc_column width=\u00bb1\/3&#8243;][\/vc_column][\/vc_row][vc_row css_animation=\u00bb\u00bb row_type=\u00bbrow\u00bb use_row_as_full_screen_section=\u00bbno\u00bb type=\u00bbfull_width\u00bb angled_section=\u00bbno\u00bb text_align=\u00bbleft\u00bb background_image_as_pattern=\u00bbwithout_pattern\u00bb css=\u00bb.vc_custom_1526464211225{margin-top: 15px !important;}\u00bb z_index=\u00bb\u00bb][vc_column][vc_row_inner row_type=\u00bbrow\u00bb type=\u00bbfull_width\u00bb text_align=\u00bbleft\u00bb css_animation=\u00bb\u00bb][vc_column_inner][vc_column_text css=\u00bb.vc_custom_1539240932805{margin-bottom: 15px !important;}\u00bb]<\/p>\n<h3>El objetivo de la iniciativa Jan Tolosaldea es fomentar un sistema alimentario basado en el consumo de los productos locales.<\/h3>\n<p>[\/vc_column_text][vc_column_text css=\u00bb.vc_custom_1539240975005{margin-bottom: 15px !important;}\u00bb]<span style=\"font-weight: 400;\">Para ello, formar\u00e1 una red de familias de los municipios, agricultores y agentes sociales de Tolosaldea. Una llamada a los ciudadanos y ciudadanas de la comarca a un reto colectivo, para mejorar la calidad de vida, las condiciones de producci\u00f3n agr\u00edcola y los alimentos locales. <\/span><\/p>\n<p><span style=\"font-weight: 400;\">Jan Tolosaldea ha nacido para fortalecer y revitalizar la cultura y la profesi\u00f3n agr\u00edcola; para velar por la alimentaci\u00f3n y la salud de la ciudadan\u00eda, y la econom\u00eda y el medioambiente de la comarca. <\/span><\/p>\n<p><span style=\"font-weight: 400;\">La asociaci\u00f3n de desarrollo rural Tolomendi, ayuntamientos, agricultores, hosteleros, comerciantes, escuelas y otros agentes apostamos por formar una red para impulsar las relaciones directas, el comercio justo y el trabajo comunitario.<\/span>[\/vc_column_text][\/vc_column_inner][\/vc_row_inner][\/vc_column][\/vc_row][vc_row css_animation=\u00bb\u00bb row_type=\u00bbrow\u00bb use_row_as_full_screen_section=\u00bbno\u00bb type=\u00bbgrid\u00bb angled_section=\u00bbno\u00bb text_align=\u00bbleft\u00bb background_image_as_pattern=\u00bbwithout_pattern\u00bb z_index=\u00bb\u00bb css=\u00bb.vc_custom_1530360163604{margin-top: 60px !important;margin-bottom: 60px !important;}\u00bb][vc_column][vc_row_inner row_type=\u00bbrow\u00bb type=\u00bbgrid\u00bb text_align=\u00bbleft\u00bb css_animation=\u00bb\u00bb][vc_column_inner css=\u00bb.vc_custom_1539238138155{margin-bottom: 30px !important;padding-top: 15% !important;padding-bottom: 15% !important;padding-left: 15% !important;background-image: url(https:\/\/tolomendi.eus\/wp-content\/uploads\/2018\/10\/burukoa_atxikimenduak.jpg?id=1435) !important;background-position: center !important;background-repeat: no-repeat !important;background-size: cover !important;}\u00bb][vc_empty_space height=\u00bb150px\u00bb][vc_column_text]<\/p>\n<h1><span style=\"color: #ffffff;\">\u00danete a<\/span><br \/>\n<span style=\"color: #ffffff;\">Jan Tolosaldea<\/span><\/h1>\n<p>[\/vc_column_text][vc_empty_space height=\u00bb30&#8243;]<a  itemprop=\"url\" href=\"https:\/\/tolomendi.eus\/es\/adhesiones\/\" target=\"_self\" data-hover-background-color=#d2742d data-hover-border-color=#d2742d  class=\"qbutton  large center white default\" style=\"\">\u00danete<i class=\"qode_icon_font_awesome fa fa-chevron-right qode_button_icon_element\" style=\"color: #ffffff;\" ><\/i><\/a>[\/vc_column_inner][\/vc_row_inner][\/vc_column][\/vc_row][vc_row css_animation=\u00bb\u00bb row_type=\u00bbrow\u00bb use_row_as_full_screen_section=\u00bbno\u00bb type=\u00bbgrid\u00bb angled_section=\u00bbno\u00bb text_align=\u00bbleft\u00bb background_image_as_pattern=\u00bbwithout_pattern\u00bb z_index=\u00bb\u00bb css=\u00bb.vc_custom_1530360163604{margin-top: 60px !important;margin-bottom: 60px !important;}\u00bb][vc_column][vc_row_inner row_type=\u00bbrow\u00bb type=\u00bbgrid\u00bb text_align=\u00bbleft\u00bb row_negative_margin=\u00bbdisable_negative_margin\u00bb css_animation=\u00bb\u00bb][vc_column_inner css=\u00bb.vc_custom_1539238153875{margin-bottom: 30px !important;padding-top: 15% !important;padding-bottom: 15% !important;padding-left: 15% !important;background-image: url(https:\/\/tolomendi.eus\/wp-content\/uploads\/2018\/10\/burukoa_ekoizleak.jpg?id=1437) !important;background-position: center !important;background-repeat: no-repeat !important;background-size: cover !important;}\u00bb][vc_empty_space height=\u00bb150px\u00bb][vc_column_text]<\/p>\n<h1><span style=\"color: #ffffff;\">Productores<\/span><br \/>\n<span style=\"color: #ffffff;\">de la comarca<\/span><\/h1>\n<p>[\/vc_column_text][vc_empty_space height=\u00bb30&#8243;]<a  itemprop=\"url\" href=\"https:\/\/tolomendi.eus\/es\/productores-de-la-comarca\/\" target=\"_self\" data-hover-background-color=#d2742d data-hover-border-color=#d2742d  class=\"qbutton  large right white default\" style=\"\">Informaci\u00f3n<i class=\"qode_icon_font_awesome fa fa-chevron-right qode_button_icon_element\" style=\"color: #ffffff;\" ><\/i><\/a>[\/vc_column_inner][\/vc_row_inner][\/vc_column][\/vc_row][vc_row css_animation=\u00bb\u00bb row_type=\u00bbrow\u00bb use_row_as_full_screen_section=\u00bbno\u00bb type=\u00bbgrid\u00bb angled_section=\u00bbno\u00bb text_align=\u00bbleft\u00bb background_image_as_pattern=\u00bbwithout_pattern\u00bb css=\u00bb.vc_custom_1525798224094{padding-top: 5% !important;padding-bottom: 30px !important;}\u00bb z_index=\u00bb\u00bb][vc_column width=\u00bb2\/3&#8243;][vc_column_text css=\u00bb.vc_custom_1539241173548{margin-bottom: 30px !important;}\u00bb]<\/p>\n<h1 style=\"font-size: 3.5em;\">JAN TOLOSALDEA novedades<\/h1>\n<p>[\/vc_column_text][vc_zigzag color=\u00bbblack\u00bb align=\u00bbleft\u00bb el_width=\u00bb20&#8243;][\/vc_column][vc_column width=\u00bb1\/3&#8243;][\/vc_column][\/vc_row][vc_row css_animation=\u00bb\u00bb row_type=\u00bbrow\u00bb use_row_as_full_screen_section=\u00bbno\u00bb type=\u00bbfull_width\u00bb angled_section=\u00bbno\u00bb text_align=\u00bbleft\u00bb background_image_as_pattern=\u00bbwithout_pattern\u00bb][vc_column]<div class=\"qode-news-holder qode-post-carousel1 qode-nl-normal-space\"  data-post-status=publish data-ignore-sticky-posts=1 data-posts-per-page=6 data-paged=1 data-max-num-pages=0 data-next-page=2 data-title-tag=h4 data-image-size=full data-display-categories=yes data-display-excerpt=no data-display-date=yes data-display-author=no data-display-share=no data-display-hot-trending-icons=no data-layout=qode_post_carousel1>No se han encontrado entradas<\/div>[\/vc_column][\/vc_row][vc_row css_animation=\u00bb\u00bb row_type=\u00bbrow\u00bb use_row_as_full_screen_section=\u00bbno\u00bb type=\u00bbfull_width\u00bb angled_section=\u00bbno\u00bb text_align=\u00bbleft\u00bb background_image_as_pattern=\u00bbwithout_pattern\u00bb][vc_column][vc_empty_space height=\u00bb132px\u00bb][\/vc_column][\/vc_row]<\/p>\n","protected":false},"excerpt":{"rendered":"<p>[vc_row css_animation=\u00bb\u00bb row_type=\u00bbrow\u00bb use_row_as_full_screen_section=\u00bbno\u00bb type=\u00bbgrid\u00bb angled_section=\u00bbno\u00bb text_align=\u00bbleft\u00bb background_image_as_pattern=\u00bbwithout_pattern\u00bb css=\u00bb.vc_custom_1525798224094{padding-top: 5% !important;padding-bottom: 30px !important;}\u00bb z_index=\u00bb\u00bb][vc_column width=\u00bb2\/3&#8243;][vc_column_text css=\u00bb.vc_custom_1538552899063{margin-bottom: 30px !important;}\u00bb] JAN TOLOSALDEA [\/vc_column_text][vc_zigzag color=\u00bbblack\u00bb align=\u00bbleft\u00bb el_width=\u00bb20&#8243;][\/vc_column][vc_column width=\u00bb1\/3&#8243;][\/vc_column][\/vc_row][vc_row css_animation=\u00bb\u00bb row_type=\u00bbrow\u00bb use_row_as_full_screen_section=\u00bbno\u00bb type=\u00bbfull_width\u00bb angled_section=\u00bbno\u00bb text_align=\u00bbleft\u00bb background_image_as_pattern=\u00bbwithout_pattern\u00bb css=\u00bb.vc_custom_1526464211225{margin-top: 15px !important;}\u00bb z_index=\u00bb\u00bb][vc_column][vc_row_inner row_type=\u00bbrow\u00bb type=\u00bbfull_width\u00bb text_align=\u00bbleft\u00bb css_animation=\u00bb\u00bb][vc_column_inner][vc_column_text css=\u00bb.vc_custom_1539240932805{margin-bottom: 15px !important;}\u00bb] El objetivo&#8230;<\/p>\n","protected":false},"author":2,"featured_media":0,"parent":0,"menu_order":0,"comment_status":"closed","ping_status":"closed","template":"","meta":{"_exactmetrics_skip_tracking":false,"_exactmetrics_sitenote_active":false,"_exactmetrics_sitenote_note":"","_exactmetrics_sitenote_category":0,"footnotes":""},"_links":{"self":[{"href":"https:\/\/tolomendi.eus\/es\/wp-json\/wp\/v2\/pages\/1462\/"}],"collection":[{"href":"https:\/\/tolomendi.eus\/es\/wp-json\/wp\/v2\/pages\/"}],"about":[{"href":"https:\/\/tolomendi.eus\/es\/wp-json\/wp\/v2\/types\/page\/"}],"author":[{"embeddable":true,"href":"https:\/\/tolomendi.eus\/es\/wp-json\/wp\/v2\/users\/2\/"}],"replies":[{"embeddable":true,"href":"https:\/\/tolomendi.eus\/es\/wp-json\/wp\/v2\/comments\/?post=1462"}],"version-history":[{"count":4,"href":"https:\/\/tolomendi.eus\/es\/wp-json\/wp\/v2\/pages\/1462\/revisions\/"}],"predecessor-version":[{"id":1483,"href":"https:\/\/tolomendi.eus\/es\/wp-json\/wp\/v2\/pages\/1462\/revisions\/1483\/"}],"wp:attachment":[{"href":"https:\/\/tolomendi.eus\/es\/wp-json\/wp\/v2\/media\/?parent=1462"}],"curies":[{"name":"wp","href":"https:\/\/api.w.org\/{rel}","templated":true}]}}